 {"id":83,"date":"2022-01-13T09:54:31","date_gmt":"2022-01-13T08:54:31","guid":{"rendered":"https:\/\/scienzechirurgiche.med.uniroma2.it\/?page_id=83"},"modified":"2024-01-12T18:24:31","modified_gmt":"2024-01-12T17:24:31","slug":"progetti-di-ricerca","status":"publish","type":"page","link":"https:\/\/scienzechirurgiche.med.uniroma2.it\/?page_id=83","title":{"rendered":"Dottorato di Ricerca"},"content":{"rendered":"\n<p><strong>Dottorato di Ricerca in Scienze Mediche e Chirurgiche<\/strong><\/p>\n\n\n\n<p><a href=\"https:\/\/phd.uniroma2.it\/web\/SCIENZE-MEDICO-CHIRURGICHE-APPLICATE_nD1018_IT.aspx\">https:\/\/phd.uniroma2.it\/web\/SCIENZE-MEDICO-CHIRURGICHE-APPLICATE_nD1018_IT.aspx<\/a><\/p>\n\n\n\n<p>Il dottorato \u00e8 articolato in 5 aree di ricerca: &#8211; Chirurgia Oncoplastica in Senologia &#8211; Chirurgia Plastica Rigenerativa &#8211; Nutrizione clinica &#8211; Tecnologie Innovative e Medical Engineering per la Chirurgia &#8211; Scienze Forensi Obiettivi formativi: Il Dottorato intende formare giovani ricercatori le cui prospettive di carriera saranno incentivate dalla loro partecipazione a una serie di diversi progetti di ricerca all&#8217;interno del dottorato, aventi come tema principale le biotecnologie applicate alla scienza medica . Ci\u00f2 permetter\u00e0 loro di acquisire una ampia gamma di competenze chiave in questo campo in continua evoluzione, che miglioreranno la loro capacit\u00e0 di svolgere attivit\u00e0 di ricerca, sia in termini accademici che commerciali, per applicare i risultati della loro ricerca e per lavorare in realt\u00e0 industriali high-tech innovative, cos\u00ec da migliorare le loro prospettive di carriera globali. La natura della formazione offerta copre un ampio spettro: i Dottorandi sono istruiti a sviluppare la loro competenza tecnica, ma anche a coltivare le qualit\u00e0 aggiuntive per un profilo completo di un ricercatore moderno. Queste comprendono la capacit\u00e0 di gestire i problemi multidisciplinari e acquisire conoscenza, creativit\u00e0, apertura mentale, e alla fine la capacit\u00e0 di essere un vero innovatore , nel sostegno della competitivit\u00e0 promossa dall&#8217;UE . Il programma permette ai Dottorandi di adattare la loro formazione ai loro bisogni individuali e al loro specifico campo di ricerca applicata, accedendo a un ampio spettro di istituti altamente qualificati e di aziende che fanno parte integrante della rete coinvolta nel programma di formazione . Essi avranno accesso alle strutture pi\u00f9 avanzate nel campo della chirurgia pionieristica , al pi\u00f9 avanzato laboratorio per la medicina rigenerativa e la chirurgia , alle pi\u00f9 qualificate imprese nel campo dei dispositivi medici e ai professionisti scientifici e ai tecnici pi\u00f9 esperti come valido modello di applicazione pratica . Gli Enti stranieri con i quali esistono accordi di scambio sono tra i pi\u00f9 qualificati. Oltre a loro, la rete di formazione comprende imprese innovative ad alta tecnologia che possono integrare la formazione con competenze e capacit\u00e0 aggiuntive, e con opportunit\u00e0 di carriera concrete. Il corso di formazione \u00e8 della durata di tre anni durante i quali i Dottorandi sono valutati in termini di progresso rispetto allo stato dell&#8217;arte , alla qualit\u00e0 della ricerca svolta e all&#8217;acquisizione di un metodo di ricerca interdisciplinare . Al termine della formazione la competitivit\u00e0 sul mercato del lavoro dei Dottorandi sar\u00e0 eccellente, data l&#8217;alta qualit\u00e0, l\u2019ampio spettro di attivit\u00e0 di formazione, le capacit\u00e0 di networking acquisite su scala internazionale e la natura cross-settoriale delle branche delle biotecnologie applicate in chirurgia. Questo profilo permetter\u00e0 ai Dottorandis di perseguire sia la carriera accademica che quella commerciale. Sul piano pratico, gli argomenti di ricerca del dottorato in Scienze Medico-Chirurgiche Applicate, nell\u2019ottica di una interdisciplinariet\u00e0 nei vari settori della medicina e della tecnologia, si rivolgono a medici, ingegneri, biologi, nutrizionisti ed esperti di scienze forensi. Sul versante della comunicazione e degli strumenti informatici, \u00e8 stata istituita ed implementata una innovativa piattaforma multimediale (\u201cinnovare comunicando\u201d), che ha tra le sue finalit\u00e0 il ridurre il gap tra la ricerca e i settori produttivi, eliminando gli ostacoli che spesso non consentono la realizzazione a fini terapeutici dei prodotti della ricerca. Il Dottorato ha implementato da molti anni una esperienza formativa nel campi di simulazione e dell\u2019apprendimento chirurgico, e sono state altres\u00ec messe in atto applicazioni pratiche degli Rfid per materiali protesici, e per la sicurezza elettrica in sala operatoria. Argomenti di studio e di pubblicazione coinvolgono le procedure chirurgiche effettuate per via remota, grazie anche all\u2019introduzione dei nuovi protocolli di comunicazione che, tuttavia, necessitano di un\u2019 attenta analisi della normativa legale del consenso e della responsabilit\u00e0 professionale, che superi i singoli ordinamenti nazionali. La linea di ricerca in nutrizione clinica \u00e8 rivolta al trattamento della sindrome metabolica, la pi\u00f9 importante epidemia del XXI secolo, contenente in s\u00e9 la necessit\u00e0 di ricerca integrata, che va dalla definizione ed inquadramento di tipo fisiologico e nutrizionale, alla introduzione di metodiche endo e transluminali che superino le difficolt\u00e0 chirurgiche di questi pazienti con addomi complessi, fino alla revisione dei criteri scientifici e legali delle indicazioni e del consenso al trattamento. Sempre in questo ambito, lo studio del tessuto adiposo e delle modificazioni metaboliche possono essere applicati anche alla differenziazione cellulare ed alla integrazione di tessuti neoformati ed impiantati grazie alle tecniche di medicina e chirurgia rigenerativa. Ancora, la ricerca in campo nutrizionale e quella chirurgica sono fittamente intercorrelate, come dimostrano la nota correlazione tra miglior stato nutrizionale preparatorio ad un pi\u00f9 efficace trattamento oncologico ed oncoplastico, nonch\u00e8 i grandi progressi di sopravvivenza e di riduzione delle complicanze ottenute con una migliore gestione postoperatoria del paziente integrata all\u2019apporto nutrizionale. Questa integrazione tra le linee di ricerca, in collaborazione con gli uffici dell\u2019Ateneo, hanno portato alla presentazione di alcune domande di brevetto per strumentazioni ed attrezzature che migliorino la sicurezza chirurgica ed ospedaliera.<\/p>\n\n\n\n<p><\/p>\n","protected":false},"excerpt":{"rendered":"<p>Dottorato di Ricerca in Scienze Mediche e Chirurgiche https:\/\/phd.uniroma2.it\/web\/SCIENZE-MEDICO-CHIRURGICHE-APPLICATE_nD1018_IT.aspx Il dottorato \u00e8 articolato in 5 aree di ricerca: &#8211; Chirurgia Oncoplastica in Senologia &#8211; Chirurgia Plastica Rigenerativa &#8211; Nutrizione clinica &#8211; Tecnologie Innovative e Medical Engineering per la Chirurgia &#8211;<\/p>\n","protected":false},"author":2,"featured_media":0,"parent":0,"menu_order":0,"comment_status":"closed","ping_status":"closed","template":"","meta":{"footnotes":""},"_links":{"self":[{"href":"https:\/\/scienzechirurgiche.med.uniroma2.it\/index.php?rest_route=\/wp\/v2\/pages\/83"}],"collection":[{"href":"https:\/\/scienzechirurgiche.med.uniroma2.it\/index.php?rest_route=\/wp\/v2\/pages"}],"about":[{"href":"https:\/\/scienzechirurgiche.med.uniroma2.it\/index.php?rest_route=\/wp\/v2\/types\/page"}],"author":[{"embeddable":true,"href":"https:\/\/scienzechirurgiche.med.uniroma2.it\/index.php?rest_route=\/wp\/v2\/users\/2"}],"replies":[{"embeddable":true,"href":"https:\/\/scienzechirurgiche.med.uniroma2.it\/index.php?rest_route=%2Fwp%2Fv2%2Fcomments&post=83"}],"version-history":[{"count":3,"href":"https:\/\/scienzechirurgiche.med.uniroma2.it\/index.php?rest_route=\/wp\/v2\/pages\/83\/revisions"}],"predecessor-version":[{"id":589,"href":"https:\/\/scienzechirurgiche.med.uniroma2.it\/index.php?rest_route=\/wp\/v2\/pages\/83\/revisions\/589"}],"wp:attachment":[{"href":"https:\/\/scienzechirurgiche.med.uniroma2.it\/index.php?rest_route=%2Fwp%2Fv2%2Fmedia&parent=83"}],"curies":[{"name":"wp","href":"https:\/\/api.w.org\/{rel}","templated":true}]}}