 {"id":551,"date":"2024-01-11T10:24:42","date_gmt":"2024-01-11T09:24:42","guid":{"rendered":"https:\/\/scienzechirurgiche.med.uniroma2.it\/?page_id=551"},"modified":"2024-01-11T16:07:14","modified_gmt":"2024-01-11T15:07:14","slug":"settori-scientifico-disciplinari","status":"publish","type":"page","link":"https:\/\/scienzechirurgiche.med.uniroma2.it\/?page_id=551","title":{"rendered":"Settori Scientifico Disciplinari"},"content":{"rendered":"\n<p><strong>SSD DIPARTIMENTO DI SCIENZE CHIRURGICHE<\/strong>&nbsp;<\/p>\n\n\n\n<p><strong>GASTROENTEROLOGIA (MED\/12)<\/strong>&nbsp;<\/p>\n\n\n\n<p>Il settore si interessa dell&#8217;attivit\u00e0 scientifica e didattico-formativa, nonch\u00e9 dell&#8217;attivit\u00e0 assistenziale a essa congrua nel campo della fisiopatologia, clinica e terapia delle malattie dell&#8217;apparato digerente, epato-biliari e pancreatiche; sono specifici ambiti di competenza la fisiopatologia digestiva e nutrizionale e la semeiotica funzionale e strumentale, la metodologia clinica e la terapia farmacologica e strumentale in gastroentero-epatologia e pancreatologia.&nbsp;<\/p>\n\n\n\n<p><strong>CHIRURGIA GENERALE (MED\/18)<\/strong>&nbsp;<\/p>\n\n\n\n<p>Il settore si interessa dell&#8217;attivit\u00e0 scientifica e didattico-formativa, nonch\u00e9 dell&#8217;attivit\u00e0 assistenziale a essa congrua nel campo della fisiopatologia, della semeiotica funzionale e strumentale e della clinica chirurgica generale; il settore ha inoltre specifica competenza nella chirurgia d&#8217;urgenza e pronto soccorso, nella chirurgia dell&#8217;apparato digerente tradizionale, endoscopica e mini-invasiva, nella endocrinochirurgia, nella chirurgia oncologica e nella chirurgia sostitutiva, ricostruttiva e dei trapianti d\u2019organo&nbsp;<\/p>\n\n\n\n<p><strong>CHIRURGIA PLASTICA (MED\/19)<\/strong>&nbsp;<\/p>\n\n\n\n<p>Il settore si interessa dell&#8217;attivit\u00e0 scientifica e didattico-formativa, nonch\u00e9 dell&#8217;attivit\u00e0 assistenziale a essa congrua nel campo della chirurgia plastico-ricostruttiva; il settore ha competenza nella fisiopatologia e clinica in chirurgia plastica e nell\u2019applicazione di metodologie chirurgiche avanzate, microchirurgiche e mini-invasive in ambito ricostruttivo.&nbsp;<\/p>\n\n\n\n<p><strong>CHIRURGIA TORACICA (MED\/21)<\/strong>&nbsp;<\/p>\n\n\n\n<p>Il settore si interessa dell&#8217;attivit\u00e0 scientifica e didattico-formativa, nonch\u00e9 dell&#8217;attivit\u00e0 assistenziale a essa congrua nel campo della chirurgia toracica tradizionale e mini-invasiva; il settore ha competenza nella fisiopatologia, metodologia, semeiotica funzionale e strumentale e terapia chirurgica delle patologie dell\u2019apparato respiratorio e delle strutture toraciche, compresa la chirurgia toracica oncologica e la chirurgia toracica d\u2019urgenza e d\u2019emergenza.&nbsp;<\/p>\n\n\n\n<p><strong>CHIRURGIA CARDIACA (MED\/23)<\/strong>&nbsp;<\/p>\n\n\n\n<p>Il settore si interessa dell&#8217;attivit\u00e0 scientifica e didattico-formativa, nonch\u00e9 dell&#8217;attivit\u00e0 assistenziale a essa congrua nel campo della cardiochirurgia generale, pediatrica e prenatale con specifica competenza nella semeiotica funzionale e strumentale, nella metodologia e nella terapia in chirurgia cardiaca tradizionale, mini-invasiva, sostitutiva, ricostruttiva e dei trapianti.&nbsp;<\/p>\n\n\n\n<p><strong>UROLOGIA (MED\/24)<\/strong>&nbsp;<\/p>\n\n\n\n<p>Il settore si interessa dell&#8217;attivit\u00e0 scientifica e didattico-formativa, nonch\u00e9 dell&#8217;attivit\u00e0 assistenziale a essa congrua nel campo della chirurgia dell&#8217;apparato urogenitale in et\u00e0 pediatrica e adulta; il settore ha competenza nella semeiotica funzionale e strumentale, nella metodologia e nella terapia urologica tradizionale e mini-invasiva.&nbsp;<\/p>\n\n\n\n<p><strong>MALATTIE ODONTOSTOMATOLOGICHE (MED\/28)<\/strong>&nbsp;<\/p>\n\n\n\n<p>Il settore si interessa dell&#8217;attivit\u00e0 scientifica e didattico-formativa, nonch\u00e9 dell&#8217;attivit\u00e0 assistenziale a essa congrua nel campo della fisiopatologia e clinica delle malattie dell&#8217;apparato odontostomatologico in et\u00e0 pediatrica e adulta e dell\u2019odontoiatria preventiva e di comunit\u00e0; il settore ha specifica competenza nei campi della chirurgia orale, dell\u2019odontoiatria restaurativa, ortognatodonzia, gnatologia clinica, pedodonzia, parodontologia e implantologia e nello studio delle protesi dentarie e della riabilitazione implantoprotesica ed odontostomatologica e dei materiali dentari.&nbsp;<\/p>\n\n\n\n<p><strong>DIAGNOSTICA PER IMMAGINI E RADIOTERAPIA (MED\/36)<\/strong>&nbsp;<\/p>\n\n\n\n<p>Il settore si interessa dell&#8217;attivit\u00e0 scientifica e didattico-formativa, nonch\u00e9 dell&#8217;attivit\u00e0 assistenziale a essa congrua nel campo della diagnostica per immagini e della radiologia interventistica degli organi e apparati e della medicina nucleare; specifiche competenze sono la radioterapia generale e oncologica e l\u2019anatomia radiologica clinica; il settore si interessa anche della protezione dalle radiazioni, della radiobiologia medica e della diagnostica per immagini delle attivit\u00e0 sportive.&nbsp;<\/p>\n\n\n\n<p><strong>GINECOLOGIA E OSTETRICIA (MED\/40)<\/strong>&nbsp;<\/p>\n\n\n\n<p>Il settore si interessa dell&#8217;attivit\u00e0 scientifica e didattico-formativa, nonch\u00e9 dell&#8217;attivit\u00e0 assistenziale a essa congrua nel campo della fisiopatologia e clinica dell&#8217;apparato genitale femminile; sono specifici ambiti di competenza la semeiotica funzionale e strumentale, la metodologia clinica, la terapia e la chirurgia tradizionale e mini-invasiva in ginecologia e ostetricia e gli aspetti ginecologici della endocrinologia, della fisiopatologia della riproduzione umana, della oncologica e della medicina dell&#8217;et\u00e0 prenatale.&nbsp;<\/p>\n\n\n\n<p><strong>ANESTESIOLOGIA (MED\/41)<\/strong>&nbsp;<\/p>\n\n\n\n<p>Il settore si interessa dell&#8217;attivit\u00e0 scientifica e didattico-formativa, nonch\u00e9 dell&#8217;attivit\u00e0 assistenziale a essa congrua nel campo della anestesiologia e rianimazione; sono specifici ambiti di competenza la fisiopatologia anestesiologica e della rianimazione, la terapia intensiva, la terapia del dolore, la medicina dei disastri e la medicina subacquea ed iperbarica.&nbsp;<\/p>\n\n\n\n<p><strong>IGIENE GENERALE ED APPLICATA (MED\/42)<\/strong> <strong><\/strong>&nbsp;<\/p>\n\n\n\n<p>Il settore si interessa dell&#8217;attivit\u00e0 scientifica e didattico-formativa, nonch\u00e9 dell&#8217;attivit\u00e0 assistenziale a essa congrua nel campo dell\u2019igiene generale e applicata;\u202fil settore ha specifica competenza nel campo dell\u2019igiene applicata all&#8217;ambiente, ai luoghi di lavoro, all\u2019igiene scolastica,\u202fall\u2019igiene degli alimenti e della nutrizione, della\u202fmedicina di comunit\u00e0, della medicina preventiva, riabilitativa e sociale,\u202fdell\u2019epidemiologia, della\u202fsanit\u00e0 pubblica,\u202fdella programmazione, organizzazione e gestione dei servizi sanitari\u202fe dell\u2019educazione sanitaria.&nbsp;<\/p>\n\n\n\n<p><strong>MEDICINA LEGALE (MED\/43)&nbsp;<\/strong>&nbsp;<\/p>\n\n\n\n<p>Il settore si interessa dell&#8217;attivit\u00e0 scientifica e didattico-formativa, nonch\u00e9 dell&#8217;attivit\u00e0 assistenziale a essa congrua nel campo della medicina legale; sono specifici ambiti di competenza del settore la medicina sociale, la criminologia, la psicopatologia forense, la tossicologia forense, la deontologia, l\u2019etica medica e la bioetica clinica.&nbsp;<\/p>\n","protected":false},"excerpt":{"rendered":"<p>SSD DIPARTIMENTO DI SCIENZE CHIRURGICHE&nbsp; GASTROENTEROLOGIA (MED\/12)&nbsp; Il settore si interessa dell&#8217;attivit\u00e0 scientifica e didattico-formativa, nonch\u00e9 dell&#8217;attivit\u00e0 assistenziale a essa congrua nel campo della fisiopatologia, clinica e terapia delle malattie dell&#8217;apparato digerente, epato-biliari e pancreatiche; sono specifici ambiti di competenza<\/p>\n","protected":false},"author":2,"featured_media":0,"parent":0,"menu_order":0,"comment_status":"closed","ping_status":"closed","template":"","meta":{"footnotes":""},"_links":{"self":[{"href":"https:\/\/scienzechirurgiche.med.uniroma2.it\/index.php?rest_route=\/wp\/v2\/pages\/551"}],"collection":[{"href":"https:\/\/scienzechirurgiche.med.uniroma2.it\/index.php?rest_route=\/wp\/v2\/pages"}],"about":[{"href":"https:\/\/scienzechirurgiche.med.uniroma2.it\/index.php?rest_route=\/wp\/v2\/types\/page"}],"author":[{"embeddable":true,"href":"https:\/\/scienzechirurgiche.med.uniroma2.it\/index.php?rest_route=\/wp\/v2\/users\/2"}],"replies":[{"embeddable":true,"href":"https:\/\/scienzechirurgiche.med.uniroma2.it\/index.php?rest_route=%2Fwp%2Fv2%2Fcomments&post=551"}],"version-history":[{"count":2,"href":"https:\/\/scienzechirurgiche.med.uniroma2.it\/index.php?rest_route=\/wp\/v2\/pages\/551\/revisions"}],"predecessor-version":[{"id":561,"href":"https:\/\/scienzechirurgiche.med.uniroma2.it\/index.php?rest_route=\/wp\/v2\/pages\/551\/revisions\/561"}],"wp:attachment":[{"href":"https:\/\/scienzechirurgiche.med.uniroma2.it\/index.php?rest_route=%2Fwp%2Fv2%2Fmedia&parent=551"}],"curies":[{"name":"wp","href":"https:\/\/api.w.org\/{rel}","templated":true}]}}